{"id":310,"date":"2018-07-30T19:49:12","date_gmt":"2018-07-30T17:49:12","guid":{"rendered":"http:\/\/www.almaber.com\/2\/?page_id=310"},"modified":"2018-09-09T14:40:40","modified_gmt":"2018-09-09T12:40:40","slug":"coaching","status":"publish","type":"page","link":"https:\/\/www.almaber.com\/2\/coaching\/","title":{"rendered":"Coaching"},"content":{"rendered":"<p style=\"text-align: justify;\"><a href=\"http:\/\/www.almaber.com\/2\/wp-content\/uploads\/2018\/08\/coaching5_mano_rd.jpg\"><img loading=\"lazy\" decoding=\"async\" class=\" wp-image-383 alignleft\" src=\"http:\/\/www.almaber.com\/2\/wp-content\/uploads\/2018\/08\/coaching5_mano_rd-300x200.jpg\" alt=\"\" width=\"383\" height=\"256\" srcset=\"https:\/\/www.almaber.com\/2\/wp-content\/uploads\/2018\/08\/coaching5_mano_rd-300x200.jpg 300w, https:\/\/www.almaber.com\/2\/wp-content\/uploads\/2018\/08\/coaching5_mano_rd.jpg 450w\" sizes=\"auto, (max-width: 383px) 100vw, 383px\" \/><\/a>La empresa crece porque crecen las personas que la integran.<\/p>\n<p>Un buen coach asegura este crecimiento individual en sus directivos.<\/p>\n<p style=\"text-align: justify;\"><!--more--><\/p>\n<p style=\"text-align: justify;\">El coaching permite liberar el potencial interno de las personas claves de su empresa.<\/p>\n<p style=\"text-align: justify;\">Este servicio de Almaber es en el que m\u00e1s nos implicamos con nuestros clientes, pues afecta a las personas que influyen directamente en los resultados.<\/p>\n<p style=\"text-align: justify;\">La labor de coaching, avalada por sus m\u00e1s de 30 a\u00f1os de experiencia en empresas de todos los sectores, la realiza directamente la Direcci\u00f3n General.<\/p>\n<p><a href=\"http:\/\/www.almaber.com\/2\/contactar\/\">Contacte con nosotros.<\/a><\/p>\n","protected":false},"excerpt":{"rendered":"<p>La empresa crece porque crecen las personas que la integran. Un buen coach asegura este crecimiento individual en sus directivos.<\/p>\n","protected":false},"author":2,"featured_media":343,"parent":0,"menu_order":0,"comment_status":"closed","ping_status":"closed","template":"","meta":{"_monsterinsights_skip_tracking":false,"_monsterinsights_sitenote_active":false,"_monsterinsights_sitenote_note":"","_monsterinsights_sitenote_category":0,"footnotes":""},"class_list":["post-310","page","type-page","status-publish","has-post-thumbnail","hentry"],"aioseo_notices":[],"_links":{"self":[{"href":"https:\/\/www.almaber.com\/2\/wp-json\/wp\/v2\/pages\/310","targetHints":{"allow":["GET"]}}],"collection":[{"href":"https:\/\/www.almaber.com\/2\/wp-json\/wp\/v2\/pages"}],"about":[{"href":"https:\/\/www.almaber.com\/2\/wp-json\/wp\/v2\/types\/page"}],"author":[{"embeddable":true,"href":"https:\/\/www.almaber.com\/2\/wp-json\/wp\/v2\/users\/2"}],"replies":[{"embeddable":true,"href":"https:\/\/www.almaber.com\/2\/wp-json\/wp\/v2\/comments?post=310"}],"version-history":[{"count":15,"href":"https:\/\/www.almaber.com\/2\/wp-json\/wp\/v2\/pages\/310\/revisions"}],"predecessor-version":[{"id":457,"href":"https:\/\/www.almaber.com\/2\/wp-json\/wp\/v2\/pages\/310\/revisions\/457"}],"wp:featuredmedia":[{"embeddable":true,"href":"https:\/\/www.almaber.com\/2\/wp-json\/wp\/v2\/media\/343"}],"wp:attachment":[{"href":"https:\/\/www.almaber.com\/2\/wp-json\/wp\/v2\/media?parent=310"}],"curies":[{"name":"wp","href":"https:\/\/api.w.org\/{rel}","templated":true}]}}