{"id":267,"date":"2018-07-30T12:36:45","date_gmt":"2018-07-30T10:36:45","guid":{"rendered":"http:\/\/www.almaber.com\/2\/?page_id=267"},"modified":"2018-08-31T17:52:41","modified_gmt":"2018-08-31T15:52:41","slug":"quienes-somos","status":"publish","type":"page","link":"https:\/\/www.almaber.com\/2\/quienes-somos\/","title":{"rendered":"Qu\u00edenes somos"},"content":{"rendered":"<p>&nbsp;<\/p>\n<h3 style=\"text-align: justify;\"><em><strong><a href=\"http:\/\/www.almaber.com\/2\/wp-content\/uploads\/2018\/08\/Ernesto_Rolando.jpg\"><img loading=\"lazy\" decoding=\"async\" class=\"wp-image-395 alignleft\" src=\"http:\/\/www.almaber.com\/2\/wp-content\/uploads\/2018\/08\/Ernesto_Rolando.jpg\" alt=\"\" width=\"466\" height=\"465\" srcset=\"https:\/\/www.almaber.com\/2\/wp-content\/uploads\/2018\/08\/Ernesto_Rolando.jpg 200w, https:\/\/www.almaber.com\/2\/wp-content\/uploads\/2018\/08\/Ernesto_Rolando-150x150.jpg 150w\" sizes=\"auto, (max-width: 466px) 100vw, 466px\" \/><\/a>\u00abSus ventas, la raz\u00f3n de nuestra empresa\u00bb<\/strong><\/em><\/h3>\n<p style=\"text-align: justify;\">Esta frase que acaba de leer refleja nuestra actitud frente al cliente.<\/p>\n<p>Nosotros nos comprometemos a hacer que toda su empresa venda m\u00e1s y mejor.<\/p>\n<p>Cambiar no es f\u00e1cil. Si se incrementan los objetivos comerciales, es imprescindible que los equipos humanos crezcan.<\/p>\n<p>En todo caso, nuestra experiencia de m\u00e1s de 25 a\u00f1os en el mundo de la empresa, nos ha ense\u00f1ado que Almaber sola no puede hacerlo todo.<\/p>\n<p>Hay muchos tipos de directivos: los que realmente quieren producir cambios, los que desean que sus equipos pasen un buen rato y hasta los que se ven obligados por el compromiso con su empresa, de \u201chacer ver que todo cambia un poco para que en el fondo nada cambie\u201d.<\/p>\n<blockquote><p><strong>Para vender m\u00e1s es necesario que toda la direcci\u00f3n de la empresa quiera implicarse en producir cambios.<\/strong><\/p><\/blockquote>\n<p>Si\u00a0 su proyecto es acometer este cambio, nosotros somos su mejor aliado.<\/p>\n<p><a href=\"http:\/\/www.almaber.com\/2\/contactar\/\">Contacte con nosotros y compruebe que el cambio es posible.<\/a><\/p>\n<p style=\"text-align: right;\">Ernesto Rolando i Matifoll<\/p>\n<p style=\"text-align: right;\">DIRECTOR GENERAL<\/p>\n","protected":false},"excerpt":{"rendered":"<p>&nbsp; \u00abSus ventas, la raz\u00f3n de nuestra empresa\u00bb Esta frase que acaba de leer refleja nuestra actitud frente al cliente. Nosotros nos comprometemos a hacer que toda su empresa venda m\u00e1s y mejor. Cambiar no es f\u00e1cil. Si se incrementan<\/p>\n","protected":false},"author":2,"featured_media":0,"parent":0,"menu_order":0,"comment_status":"closed","ping_status":"closed","template":"","meta":{"_monsterinsights_skip_tracking":false,"_monsterinsights_sitenote_active":false,"_monsterinsights_sitenote_note":"","_monsterinsights_sitenote_category":0,"footnotes":""},"class_list":["post-267","page","type-page","status-publish","hentry"],"aioseo_notices":[],"_links":{"self":[{"href":"https:\/\/www.almaber.com\/2\/wp-json\/wp\/v2\/pages\/267","targetHints":{"allow":["GET"]}}],"collection":[{"href":"https:\/\/www.almaber.com\/2\/wp-json\/wp\/v2\/pages"}],"about":[{"href":"https:\/\/www.almaber.com\/2\/wp-json\/wp\/v2\/types\/page"}],"author":[{"embeddable":true,"href":"https:\/\/www.almaber.com\/2\/wp-json\/wp\/v2\/users\/2"}],"replies":[{"embeddable":true,"href":"https:\/\/www.almaber.com\/2\/wp-json\/wp\/v2\/comments?post=267"}],"version-history":[{"count":13,"href":"https:\/\/www.almaber.com\/2\/wp-json\/wp\/v2\/pages\/267\/revisions"}],"predecessor-version":[{"id":439,"href":"https:\/\/www.almaber.com\/2\/wp-json\/wp\/v2\/pages\/267\/revisions\/439"}],"wp:attachment":[{"href":"https:\/\/www.almaber.com\/2\/wp-json\/wp\/v2\/media?parent=267"}],"curies":[{"name":"wp","href":"https:\/\/api.w.org\/{rel}","templated":true}]}}